{"id":10,"date":"2015-12-09T19:48:21","date_gmt":"2015-12-09T18:48:21","guid":{"rendered":"http:\/\/gruene-nks.de.w013e689.kasserver.com\/?page_id=10"},"modified":"2015-12-13T12:11:28","modified_gmt":"2015-12-13T11:11:28","slug":"ortsverband","status":"publish","type":"page","link":"https:\/\/gruene-nks.de\/index.php\/ortsverband\/","title":{"rendered":"Ortsverband"},"content":{"rendered":"<div class=\"contentwrap\">\n<div class=\"inhalt\">\n<div id=\"c8979\" class=\"csc-default\">\n<div class=\"text\">\n<h1 class=\"csc-firstHeader\">Warum es uns gibt<\/h1>\n<p>Wenn man von &#8222;<i>denen da oben<\/i>&#8220; spricht, sind meistens die Politiker gemeint.<\/p>\n<p>Politiker vertreten die Interessen einer Partei, die wiederum eine Interessengemeinschaft von politisch interessierten Leuten ist, die weitgehend gleiche Interessen und Vorstellungen sowie Ziele verfolgen.<\/p>\n<p>Letztendlich hat jeder politisch interessierte Mensch die M\u00f6glichkeit einer Partei beizutreten oder selbst eine zu gr\u00fcnden, sofern sie der Verfassung entspricht. Interessiert man sich nicht f\u00fcr Politik, \u00fcberl\u00e4sst man das politische Handeln anderen, in der Hoffnung &#8222;<i>dass die schon alles richtig machen<\/i>&#8222;.<\/p>\n<p><b>Immerhin geht man turnusm\u00e4\u00dfig w\u00e4hlen, das reicht.<\/b><\/p>\n<p><b>Das reicht eben nicht.<\/b><\/p>\n<p>Leider wird man schnell entt\u00e4uscht, sollte sich die hohe Erwartungshaltung an &#8222;<i>die da oben<\/i>&#8220; nicht erf\u00fcllen.<\/p>\n<p><b>Was kann man tun ?<\/b><\/p>\n<p><b>Aus Trotz nicht mehr w\u00e4hlen gehen ?<\/b><\/p>\n<p>In der Kommunalpolitik sind &#8222;<i>die da oben<\/i>&#8220; ganz nah am Puls der Bev\u00f6lkerung. Gerade hier ist es schnell und einfach m\u00f6glich, die Probleme der Gemeinde und die zielf\u00fchrenden L\u00f6sungsm\u00f6glichkeiten mitzugestalten.<\/p>\n<p><b>Ein einfaches Reze<span style=\"font-size: small;\">pt <\/span><\/b><span style=\"font-size: small;\">um hier Einfluss zu nehmen ist<\/span><span style=\"font-size: small;\">:<\/span><\/p>\n<p><b>Mischen Sie sich ein!<\/b><\/p>\n<p>U<span style=\"font-size: small;\">nd <\/span><span style=\"font-size: small;\">zwar am besten in einer Partei, die weitgehend Ihre Meinung vertritt. Hundertprozentige \u00dcbereinstimmungen wird es selten geben, sonst w\u00e4r man ja nicht unzufrieden und br\u00e4uchte sich nicht zu engagieren. Andererseits w\u00fcrde niemand von Ihren Ideen und Interessen erfahren, wenn Sie sie nicht mit Gleichgesinnten teilen.<\/span><\/p>\n<p class=\"bodytext\"><b>B\u00dcNDNIS 90\/DIE GR\u00dcNEN Neunkirchen-Seelscheid <\/b>ist am 28. April 1983 als Teil der gr\u00fcnen und alternativen Bewegung auf der Grundlage seines basisdemokratischen Selbstverst\u00e4ndnisses gegr\u00fcndet worden.<\/p>\n<p class=\"bodytext\">\n<b>Die Grunds\u00e4tze B\u00fcndnisgr\u00fcner Politik <\/b>sind \u00f6kologisch, sozial, basisdemokratisch und gewaltfrei. Die politische Willensbildung auf Ortsebene ber\u00fccksichtigt die Vielfalt der Meinungen und Gruppen in der Partei unter besonderer Ber\u00fccksichtigung der in Neunkirchen-Seelscheid gegebenen Verh\u00e4ltnisse.<\/p>\n<p class=\"bodytext\"><span style=\"font-size: small;\"><b>Im Mittelpunkt unserer Politik <\/b>steht der Mensch mit seiner W\u00fcrde und seiner Freiheit.\u00a0Als Vernunftwesen ist der Mensch in der Lage zu einem verantwortlichen Leben in Selbstbestimmung. Als Teil der Natur kann der Mensch nur leben, wenn er die nat\u00fcrlichen Lebensgrundlagen bewahrt und sich selbst demgem\u00e4\u00df Grenzen setzt.<\/span><\/p>\n<p class=\"bodytext\"><span style=\"font-size: small;\">Der Schutz der Natur und ihrer Lebensformen ist auch um ihrer selbst willen geboten. Jeder Mensch ist einzigartig und verdient gleiche Anerkennung &#8211; heute und morgen, hier und anderswo.<\/span><\/p>\n<p class=\"bodytext\">\u00a0<span style=\"font-size: small;\">Deshalb ist b\u00fcndnisgr\u00fcne Politik dem <b>Ma\u00dfstab der Gerechtigkeit <\/b>verpflichtet.<\/span><\/p>\n<p class=\"bodytext\"><span style=\"font-size: small;\">Freiheit und Gerechtigkeit lassen sich nur in einer lebendigen Demokratie verwirklichen. Demokratie ist Basis und Art und Weise unseres politischen Handelns.\u00a0Aus den Oppositionskulturen der beiden deutschen Staaten gewachsen, haben wir gemeinsam schon viel erreicht und noch mehr vor.<\/span><\/p>\n<p class=\"bodytext\">\u00a0<span style=\"font-size: small;\">Unsere Vision ist eine Welt, in der die <b>nat\u00fcrlichen Lebensgrundlagen <\/b>geachtet und bewahrt werden. Unsere Vision ist eine Gesellschaft, in der die <b>Menschenrechte unteilbar und universell g\u00fcltig <\/b>sind und in der Selbstbestimmung in Verantwortung verwirklicht werden k\u00f6nnen.<\/span><\/p>\n<p class=\"bodytext\"><span style=\"font-size: small;\">Unsere Vision ist die <b>Verwirklichung von Gerechtigkeit <\/b>in allen ihren Dimensionen.<\/span><\/p>\n<h3>Und wann mischen Sie sich ein?<\/h3>\n<\/div>\n<\/div>\n<\/div>\n<\/div>\n","protected":false},"excerpt":{"rendered":"<p>Warum es uns gibt Wenn man von &#8222;denen da oben&#8220; spricht, sind meistens die Politiker gemeint. Politiker vertreten die Interessen einer Partei, die wiederum eine Interessengemeinschaft von politisch interessierten Leuten [&hellip;]<\/p>\n","protected":false},"author":1,"featured_media":0,"parent":0,"menu_order":0,"comment_status":"closed","ping_status":"closed","template":"","meta":{"footnotes":""},"class_list":["post-10","page","type-page","status-publish","hentry"],"_links":{"self":[{"href":"https:\/\/gruene-nks.de\/index.php\/wp-json\/wp\/v2\/pages\/10","targetHints":{"allow":["GET"]}}],"collection":[{"href":"https:\/\/gruene-nks.de\/index.php\/wp-json\/wp\/v2\/pages"}],"about":[{"href":"https:\/\/gruene-nks.de\/index.php\/wp-json\/wp\/v2\/types\/page"}],"author":[{"embeddable":true,"href":"https:\/\/gruene-nks.de\/index.php\/wp-json\/wp\/v2\/users\/1"}],"replies":[{"embeddable":true,"href":"https:\/\/gruene-nks.de\/index.php\/wp-json\/wp\/v2\/comments?post=10"}],"version-history":[{"count":3,"href":"https:\/\/gruene-nks.de\/index.php\/wp-json\/wp\/v2\/pages\/10\/revisions"}],"predecessor-version":[{"id":65,"href":"https:\/\/gruene-nks.de\/index.php\/wp-json\/wp\/v2\/pages\/10\/revisions\/65"}],"wp:attachment":[{"href":"https:\/\/gruene-nks.de\/index.php\/wp-json\/wp\/v2\/media?parent=10"}],"curies":[{"name":"wp","href":"https:\/\/api.w.org\/{rel}","templated":true}]}}