{"id":15,"date":"2015-12-09T19:58:18","date_gmt":"2015-12-09T18:58:18","guid":{"rendered":"http:\/\/gruene-nks.de.w013e689.kasserver.com\/?page_id=15"},"modified":"2023-09-29T17:10:14","modified_gmt":"2023-09-29T15:10:14","slug":"impressum","status":"publish","type":"page","link":"https:\/\/gruene-nks.de\/index.php\/impressum\/","title":{"rendered":"Impressum"},"content":{"rendered":"<p>Dieses Internetangebot wird unterhalten von<\/p>\n<p>B\u00dcNDNIS 90\/DIE GR\u00dcNEN<br \/>\nOrtsverband Neunkirchen-Seelscheid<br \/>\nWilhelmstr. 127<br \/>\n53721 Siegburg<\/p>\n<p>Vertretungsberechtigter Vorstand: Christoph Weiler (Vorsitzender), Anna Terschl\u00fcsen (Vorsitzende)<\/p>\n<p>Mail: info(at)gruene-nks(dot)de<\/p>\n<p>Haftung f\u00fcr Links<\/p>\n<p>Trotz sorgf\u00e4ltiger inhaltlicher Kontrolle \u00fcbernehmen wir keine Haftung f\u00fcr die Inhalte externer Links. F\u00fcr den Inhalt der verlinkten Seiten sind ausschlie\u00dflich deren Betreiber verantwortlich.<\/p>\n<p>Bildnachweise<\/p>\n<p>Neben eigenen Fotos und Grafiken nutzen B\u00dcNDNIS 90\/DIE GR\u00dcNEN Neunkirchen-Seelscheid folgende freie Bilddatenbanken:<br \/>\nstock.xchng, Pixelio, Aboutpixel.<\/p>\n<p>Einsatz von Google Analytics<\/p>\n<p>Diese Website benutzt Google Analytics, einen Webanalysedienst der Google Inc., um eine Analyse der Benutzung der Website zu erm\u00f6glichen. Die durch den Einsatz von Google Analytics erzeugten Informationen \u00fcber Ihre Nutzung dieser Website (einschlie\u00dflich Ihrer IP-Adresse) werden an einen Server der Google Inc. in den USA \u00fcbertragen und dort gespeichert. Google wird diese Informationen lediglich dazu verwenden, die Nutzung der Website zu analysieren, indem anonymisierte Auswertungen und Grafiken zur Anzahl der Besuche, Anzahl der pro Nutzer aufgerufenen Seiten usw. erstellt werden. Diese setzen wir ausschlie\u00dflich zu Zwecken der eigenen Analyse und vor allem der Optimierung und bedarfsgerechten Gestaltung unserer Webseiten ein. Mehr Informationen zur von Google eingesetzten Technologie finden sie unter <a href=\"http:\/\/www.google.com\/analytics\" target=\"_top\" rel=\"noopener noreferrer\">www.google.com\/analytics<\/a>.<\/p>\n<p><strong>Datenschutzerkl\u00e4rung <\/strong><\/p>\n<p>Datenschutz<\/p>\n<p>Wir wissen, da\u00df Sie dem Thema Datenschutz gro\u00dfe Bedeutung beimessen. Deshalb ist uns der Schutz Ihrer pers\u00f6nlichen Daten ein wichtiges Anliegen.<\/p>\n<p>Pers\u00f6nliche Daten<\/p>\n<p>Pers\u00f6nliche Daten, die Sie B\u00dcNDNIS 90\/DIE GR\u00dcNEN Neunkirchen-Seelscheid elektronisch \u00fcbermitteln, z.B. Ihren Namen, Postanschrift, E-Mail-Adresse oder andere pers\u00f6nlichen Angaben, werden von uns nur zum jeweils angegebenen Zweck verwendet, sicher verwahrt und nicht an Dritte weitergegeben. B\u00dcNDNIS 90\/DIE GR\u00dcNEN Neunkirchen-Seelscheid wird Ihnen nur Informationen zuschicken, sofern Sie sich f\u00fcr entsprechende Dienste angemeldet haben.<\/p>\n<p>Recht auf Widerruf<\/p>\n<p>Sie haben jederzeit das Recht auf Widerruf; schicken Sie bitte eine Mail an: admin(at)gruene-neunkirchen-seelscheid(dot)de. Wir werden Ihre Daten dann umgehend l\u00f6schen.<\/p>\n<p>Links zu anderen Web Sites<\/p>\n<p>Unser Angebot enth\u00e4lt Links zu externen Webseiten Dritter, auf deren\u00a0 Inhalte wir keinen Einfluss haben. Deshalb k\u00f6nnen wir f\u00fcr diese fremden\u00a0 Inhalte auch keine Gew\u00e4hr \u00fcbernehmen. F\u00fcr die Inhalte der verlinkten\u00a0 Seiten ist stets der jeweilige Anbieter oder Betreiber der Seiten\u00a0 verantwortlich. Die verlinkten Seiten wurden zum Zeitpunkt der\u00a0 Verlinkung auf m\u00f6gliche Rechtsverst\u00f6\u00dfe \u00fcberpr\u00fcft. Rechtswidrige Inhalte waren zum Zeitpunkt der Verlinkung nicht erkennbar. Eine permanente inhaltliche Kontrolle der verlinkten Seiten ist jedoch ohne konkrete\u00a0 Anhaltspunkte einer\u00a0 Rechtsverletzung nicht zumutbar. Bei bekannt werden von Rechtsverletzungen werden wir derartige Links umgehend entfernen.<\/p>\n<p>Verwendung von Cookies<\/p>\n<p>Es gibt eine Technik, genannt &#8222;Cookies&#8220;, mit deren Hilfe Informationen aus einer Website an Ihre Bed\u00fcrfnisse angepa\u00dft werden k\u00f6nnen. Ein Cookie ist ein Datenelement, das eine Website an Ihren Browser schicken kann, um es dort auf Ihrem System zu speichern.<\/p>\n<p>Gelegentlich nutzen auch wir tempor\u00e4re Cookies, damit wir Sie effektiver unterst\u00fctzen k\u00f6nnen, wenn Sie auf eine solche Website zur\u00fcckkommen. Sie haben jedoch die M\u00f6glichkeit, Ihren Browser so einzustellen, da\u00df er Sie davon in Kenntnis setzt, wenn Sie ein Cookie erhalten. Dann k\u00f6nnen Sie selbst entscheiden, ob Sie das akzeptieren wollen oder nicht.<\/p>\n","protected":false},"excerpt":{"rendered":"<p>Dieses Internetangebot wird unterhalten von B\u00dcNDNIS 90\/DIE GR\u00dcNEN Ortsverband Neunkirchen-Seelscheid Wilhelmstr. 127 53721 Siegburg Vertretungsberechtigter Vorstand: Christoph Weiler (Vorsitzender), Anna Terschl\u00fcsen (Vorsitzende) Mail: info(at)gruene-nks(dot)de Haftung f\u00fcr Links Trotz sorgf\u00e4ltiger inhaltlicher [&hellip;]<\/p>\n","protected":false},"author":1,"featured_media":0,"parent":0,"menu_order":0,"comment_status":"closed","ping_status":"closed","template":"","meta":{"footnotes":""},"class_list":["post-15","page","type-page","status-publish","hentry"],"_links":{"self":[{"href":"https:\/\/gruene-nks.de\/index.php\/wp-json\/wp\/v2\/pages\/15","targetHints":{"allow":["GET"]}}],"collection":[{"href":"https:\/\/gruene-nks.de\/index.php\/wp-json\/wp\/v2\/pages"}],"about":[{"href":"https:\/\/gruene-nks.de\/index.php\/wp-json\/wp\/v2\/types\/page"}],"author":[{"embeddable":true,"href":"https:\/\/gruene-nks.de\/index.php\/wp-json\/wp\/v2\/users\/1"}],"replies":[{"embeddable":true,"href":"https:\/\/gruene-nks.de\/index.php\/wp-json\/wp\/v2\/comments?post=15"}],"version-history":[{"count":9,"href":"https:\/\/gruene-nks.de\/index.php\/wp-json\/wp\/v2\/pages\/15\/revisions"}],"predecessor-version":[{"id":2485,"href":"https:\/\/gruene-nks.de\/index.php\/wp-json\/wp\/v2\/pages\/15\/revisions\/2485"}],"wp:attachment":[{"href":"https:\/\/gruene-nks.de\/index.php\/wp-json\/wp\/v2\/media?parent=15"}],"curies":[{"name":"wp","href":"https:\/\/api.w.org\/{rel}","templated":true}]}}