{"id":2376,"date":"2022-09-06T17:57:52","date_gmt":"2022-09-06T15:57:52","guid":{"rendered":"https:\/\/gruene-nks.de\/?page_id=2376"},"modified":"2022-09-06T17:57:52","modified_gmt":"2022-09-06T15:57:52","slug":"anmeldung-zum-newsletter","status":"publish","type":"page","link":"https:\/\/gruene-nks.de\/index.php\/anmeldung-zum-newsletter\/","title":{"rendered":"Anmeldung zum Newsletter"},"content":{"rendered":"\n\t\t\t<form id=\"sib_signup_form_1\" method=\"post\" class=\"sib_signup_form\">\n\t\t\t\t<div class=\"sib_loader\" style=\"display:none;\"><img\n\t\t\t\t\t\t\tsrc=\"https:\/\/gruene-nks.de\/wp-includes\/images\/spinner.gif\" alt=\"loader\"><\/div>\n\t\t\t\t<input type=\"hidden\" name=\"sib_form_action\" value=\"subscribe_form_submit\">\n\t\t\t\t<input type=\"hidden\" name=\"sib_form_id\" value=\"1\">\n                <input type=\"hidden\" name=\"sib_form_alert_notice\" value=\"Sorry, das ist ein Pflichtfeld.\">\n                <input type=\"hidden\" name=\"sib_form_invalid_email_notice\" value=\"Deine Email-Adresse ist nicht g\u00fcltig\">\n                <input type=\"hidden\" name=\"sib_security\" value=\"194282abd3\">\n\t\t\t\t<div class=\"sib_signup_box_inside_1\">\n\t\t\t\t\t<div style=\"\/*display:none*\/\" class=\"sib_msg_disp\">\n\t\t\t\t\t<\/div>\n                    \t\t\t\t\t<p>Hier kannst du dich f\u00fcr unseren Newsletter anmelden.\r\n<\/p>\r\n\r\n<p class=\"sib-VORNAME-area\"> \r\n    <label class=\"sib-VORNAME-area\">Vorname*<\/label> \r\n    <input type=\"text\" class=\"sib-VORNAME-area\" name=\"VORNAME\" required=\"required\"> \r\n<\/p>\r\n<p class=\"sib-NACHNAME-area\"> \r\n    <label class=\"sib-NACHNAME-area\">Nachname*<\/label> \r\n    <input type=\"text\" class=\"sib-NACHNAME-area\" name=\"NACHNAME\" required=\"required\"> \r\n<\/p>\r\n<p class=\"sib-email-area\">\r\n    Email-Adresse*\r\n    <input type=\"email\" class=\"sib-email-area\" name=\"email\" required=\"required\">\r\n<\/p>\r\n<p>\r\n<input type=\"checkbox\" name=\"terms\" required=\"required\"> Ich habe die <a href=\"https:\/\/gruene-nks.de\/index.php\/impressum\/\">Datenschutzerkl\u00e4rung<\/a> gelesen und akzeptiere diese. Die Abmeldung von unserem Newsletter ist jederzeit m\u00f6glich.\r\n<p>Nachdem du den Anmelden-Button gedr\u00fcckt hast, schicken wir dir eine Email, damit du deine Anmeldung zum Newsletter endg\u00fcltig best\u00e4tigst.\r\n<\/p>\r\n\r\n    <input type=\"submit\" class=\"sib-default-btn\" value=\"Anmelden\">\r\n<\/p>\r\n\t\t\t\t<\/div>\n\t\t\t<\/form>\n\t\t\t<style>\n\t\t\t\tform#sib_signup_form_1 p.sib-alert-message {\n    padding: 6px 12px;\n    margin-bottom: 20px;\n    border: 1px solid transparent;\n    border-radius: 4px;\n    -webkit-box-sizing: border-box;\n    -moz-box-sizing: border-box;\n    box-sizing: border-box;\n}\nform#sib_signup_form_1 p.sib-alert-message-error {\n    background-color: #f2dede;\n    border-color: #ebccd1;\n    color: #a94442;\n}\nform#sib_signup_form_1 p.sib-alert-message-success {\n    background-color: #dff0d8;\n    border-color: #d6e9c6;\n    color: #3c763d;\n}\nform#sib_signup_form_1 p.sib-alert-message-warning {\n    background-color: #fcf8e3;\n    border-color: #faebcc;\n    color: #8a6d3b;\n}\n\t\t\t<\/style>\n\t\t\t\n","protected":false},"excerpt":{"rendered":"","protected":false},"author":3,"featured_media":0,"parent":0,"menu_order":0,"comment_status":"closed","ping_status":"closed","template":"","meta":{"footnotes":""},"class_list":["post-2376","page","type-page","status-publish","hentry"],"_links":{"self":[{"href":"https:\/\/gruene-nks.de\/index.php\/wp-json\/wp\/v2\/pages\/2376","targetHints":{"allow":["GET"]}}],"collection":[{"href":"https:\/\/gruene-nks.de\/index.php\/wp-json\/wp\/v2\/pages"}],"about":[{"href":"https:\/\/gruene-nks.de\/index.php\/wp-json\/wp\/v2\/types\/page"}],"author":[{"embeddable":true,"href":"https:\/\/gruene-nks.de\/index.php\/wp-json\/wp\/v2\/users\/3"}],"replies":[{"embeddable":true,"href":"https:\/\/gruene-nks.de\/index.php\/wp-json\/wp\/v2\/comments?post=2376"}],"version-history":[{"count":1,"href":"https:\/\/gruene-nks.de\/index.php\/wp-json\/wp\/v2\/pages\/2376\/revisions"}],"predecessor-version":[{"id":2377,"href":"https:\/\/gruene-nks.de\/index.php\/wp-json\/wp\/v2\/pages\/2376\/revisions\/2377"}],"wp:attachment":[{"href":"https:\/\/gruene-nks.de\/index.php\/wp-json\/wp\/v2\/media?parent=2376"}],"curies":[{"name":"wp","href":"https:\/\/api.w.org\/{rel}","templated":true}]}}