{"id":2698,"date":"2025-07-16T13:26:19","date_gmt":"2025-07-16T11:26:19","guid":{"rendered":"https:\/\/gruene-nks.de\/?page_id=2698"},"modified":"2025-07-23T00:44:58","modified_gmt":"2025-07-22T22:44:58","slug":"helge-kratzel-wahlbezirk-090-neunkirchen-i","status":"publish","type":"page","link":"https:\/\/gruene-nks.de\/index.php\/helge-kratzel-wahlbezirk-090-neunkirchen-i\/","title":{"rendered":"Helge Kratzel &#8211; Wahlbezirk 090 Neunkirchen I"},"content":{"rendered":"<p>Macht Natur gr\u00fcn, statt Beton grau<\/p>\n<p>&#8211; Geboren 1967 in Bielefeld, verheiratet, 2 Kinder<\/p>\n<p>&#8211; Wohnhaft in Wolperath seit 2004<\/p>\n<p>&#8211; Ingenieur f\u00fcr Energie- und Umwelttechnik<\/p>\n<p>Meine Themen: Energie, Umwelt, Mobilit\u00e4t, Planen, Bauen und Wohnen<\/p>\n<p>Von Anfang an engagiere ich mich ehrenamtlich in der Gemeinde (Kindergarten und Schule). Insbesondere f\u00fcr Kommunalpolitik interessiere ich mich, seit ich 2015 in der Initiative-NKS aktiv war.<\/p>\n<p>Meine Ziele f\u00fcr die n\u00e4chsten 5 Jahre: Ich m\u00f6chte meine Erfahrungen f\u00fcr b\u00fcrgernahe, zukunftsf\u00e4hige Politik nutzen und B\u00fcrger*innen bei der Umsetzung ihrer gr\u00fcnen Ideen und Initiativen unterst\u00fctzen. Man kann Probleme clever l\u00f6sen ohne Betonmischer.<\/p>\n<p><a href=\"https:\/\/gruene-nks.de\/wp-content\/uploads\/2025\/07\/HP_Helge_ohne_Claim.jpg\"><img loading=\"lazy\" decoding=\"async\" class=\"size-medium wp-image-2666 aligncenter\" src=\"https:\/\/gruene-nks.de\/wp-content\/uploads\/2025\/07\/HP_Helge_ohne_Claim-400x502.jpg\" alt=\"Helge Kratzel f\u00fcr Wahlbezirk 090 Neunkirchen I\" width=\"400\" height=\"502\" srcset=\"https:\/\/gruene-nks.de\/wp-content\/uploads\/2025\/07\/HP_Helge_ohne_Claim-400x502.jpg 400w, https:\/\/gruene-nks.de\/wp-content\/uploads\/2025\/07\/HP_Helge_ohne_Claim-800x1003.jpg 800w, https:\/\/gruene-nks.de\/wp-content\/uploads\/2025\/07\/HP_Helge_ohne_Claim-768x963.jpg 768w, https:\/\/gruene-nks.de\/wp-content\/uploads\/2025\/07\/HP_Helge_ohne_Claim.jpg 957w\" sizes=\"auto, (max-width: 400px) 100vw, 400px\" \/><\/a><\/p>\n","protected":false},"excerpt":{"rendered":"<p>Macht Natur gr\u00fcn, statt Beton grau &#8211; Geboren 1967 in Bielefeld, verheiratet, 2 Kinder &#8211; Wohnhaft in Wolperath seit 2004 &#8211; Ingenieur f\u00fcr Energie- und Umwelttechnik Meine Themen: Energie, Umwelt, [&hellip;]<\/p>\n","protected":false},"author":3,"featured_media":0,"parent":0,"menu_order":0,"comment_status":"closed","ping_status":"closed","template":"","meta":{"footnotes":""},"class_list":["post-2698","page","type-page","status-publish","hentry"],"_links":{"self":[{"href":"https:\/\/gruene-nks.de\/index.php\/wp-json\/wp\/v2\/pages\/2698","targetHints":{"allow":["GET"]}}],"collection":[{"href":"https:\/\/gruene-nks.de\/index.php\/wp-json\/wp\/v2\/pages"}],"about":[{"href":"https:\/\/gruene-nks.de\/index.php\/wp-json\/wp\/v2\/types\/page"}],"author":[{"embeddable":true,"href":"https:\/\/gruene-nks.de\/index.php\/wp-json\/wp\/v2\/users\/3"}],"replies":[{"embeddable":true,"href":"https:\/\/gruene-nks.de\/index.php\/wp-json\/wp\/v2\/comments?post=2698"}],"version-history":[{"count":2,"href":"https:\/\/gruene-nks.de\/index.php\/wp-json\/wp\/v2\/pages\/2698\/revisions"}],"predecessor-version":[{"id":2726,"href":"https:\/\/gruene-nks.de\/index.php\/wp-json\/wp\/v2\/pages\/2698\/revisions\/2726"}],"wp:attachment":[{"href":"https:\/\/gruene-nks.de\/index.php\/wp-json\/wp\/v2\/media?parent=2698"}],"curies":[{"name":"wp","href":"https:\/\/api.w.org\/{rel}","templated":true}]}}