{"id":66,"date":"2015-12-13T12:14:27","date_gmt":"2015-12-13T11:14:27","guid":{"rendered":"http:\/\/gruene-nks.de.w013e689.kasserver.com\/?page_id=66"},"modified":"2023-05-07T22:16:18","modified_gmt":"2023-05-07T20:16:18","slug":"der-ortsverbands-vorstand","status":"publish","type":"page","link":"https:\/\/gruene-nks.de\/index.php\/der-ortsverbands-vorstand\/","title":{"rendered":"Der Ortsverbands-Vorstand"},"content":{"rendered":"<p style=\"text-align: center;\"><strong>Wir freuen uns auf eine konstruktive Zusammenarbeit.<\/strong><\/p>\r\n<p style=\"text-align: center;\"><a href=\"https:\/\/gruene-nks.de\/wp-content\/uploads\/2023\/05\/Vorstand.jpg\"><img loading=\"lazy\" decoding=\"async\" class=\"aligncenter wp-image-2462 size-large\" src=\"https:\/\/gruene-nks.de\/wp-content\/uploads\/2023\/05\/Vorstand-800x600.jpg\" alt=\"\" width=\"640\" height=\"480\" srcset=\"https:\/\/gruene-nks.de\/wp-content\/uploads\/2023\/05\/Vorstand-800x600.jpg 800w, https:\/\/gruene-nks.de\/wp-content\/uploads\/2023\/05\/Vorstand-400x300.jpg 400w, https:\/\/gruene-nks.de\/wp-content\/uploads\/2023\/05\/Vorstand-768x576.jpg 768w, https:\/\/gruene-nks.de\/wp-content\/uploads\/2023\/05\/Vorstand-1536x1152.jpg 1536w, https:\/\/gruene-nks.de\/wp-content\/uploads\/2023\/05\/Vorstand.jpg 1600w\" sizes=\"auto, (max-width: 640px) 100vw, 640px\" \/><\/a><br \/>(v.l.n.r.: Helge Kratzel, Anna Terschl\u00fcsen, Winfried K\u00f6lker, Carsten Klink, Christoph Weiler)<\/p>\r\n<hr \/>\r\n<div class=\"wp-block-media-text alignwide is-stacked-on-mobile\" style=\"grid-template-columns: 31% auto;\">\r\n<figure class=\"wp-block-media-text__media\"><\/figure>\r\n<div class=\"wp-block-media-text__content\">\r\n<p><a href=\"https:\/\/gruene-nks.de\/wp-content\/uploads\/2023\/05\/Terschluesen.jpg\"><img loading=\"lazy\" decoding=\"async\" class=\"alignnone wp-image-2461 size-medium\" src=\"https:\/\/gruene-nks.de\/wp-content\/uploads\/2023\/05\/Terschluesen-400x533.jpg\" alt=\"\" width=\"400\" height=\"533\" srcset=\"https:\/\/gruene-nks.de\/wp-content\/uploads\/2023\/05\/Terschluesen-400x533.jpg 400w, https:\/\/gruene-nks.de\/wp-content\/uploads\/2023\/05\/Terschluesen-800x1067.jpg 800w, https:\/\/gruene-nks.de\/wp-content\/uploads\/2023\/05\/Terschluesen-768x1024.jpg 768w, https:\/\/gruene-nks.de\/wp-content\/uploads\/2023\/05\/Terschluesen-1152x1536.jpg 1152w, https:\/\/gruene-nks.de\/wp-content\/uploads\/2023\/05\/Terschluesen.jpg 1200w\" sizes=\"auto, (max-width: 400px) 100vw, 400px\" \/><\/a><\/p>\r\n<h3 class=\"has-large-font-size\">Vorsitzende<br \/>Anna Terschl\u00fcsen<\/h3>\r\n\r\n\r\n\r\n<p>anna.terschluesen(at)gruene-nks.de<\/p>\r\n<hr \/><\/div>\r\n<\/div>\r\n\r\n\r\n\r\n<div class=\"wp-block-media-text alignwide has-media-on-the-right is-stacked-on-mobile\" style=\"grid-template-columns: auto 34%;\">\r\n<figure class=\"wp-block-media-text__media\"><\/figure>\r\n<div class=\"wp-block-media-text__content\">\r\n<p><a href=\"https:\/\/gruene-nks.de\/wp-content\/uploads\/2023\/05\/Weiler.jpg\"><img loading=\"lazy\" decoding=\"async\" class=\"alignnone wp-image-2463 size-medium\" src=\"https:\/\/gruene-nks.de\/wp-content\/uploads\/2023\/05\/Weiler-400x533.jpg\" alt=\"\" width=\"400\" height=\"533\" srcset=\"https:\/\/gruene-nks.de\/wp-content\/uploads\/2023\/05\/Weiler-400x533.jpg 400w, https:\/\/gruene-nks.de\/wp-content\/uploads\/2023\/05\/Weiler-800x1067.jpg 800w, https:\/\/gruene-nks.de\/wp-content\/uploads\/2023\/05\/Weiler-768x1024.jpg 768w, https:\/\/gruene-nks.de\/wp-content\/uploads\/2023\/05\/Weiler-1152x1536.jpg 1152w, https:\/\/gruene-nks.de\/wp-content\/uploads\/2023\/05\/Weiler.jpg 1200w\" sizes=\"auto, (max-width: 400px) 100vw, 400px\" \/><\/a><\/p>\r\n<h3 class=\"has-large-font-size\">Vorsitzender<br \/>Christoph Weiler<\/h3>\r\n\r\n\r\n\r\n<p>christoph.weiler(at)gruene-nks.de<\/p>\r\n<hr \/><\/div>\r\n<\/div>\r\n\r\n\r\n\r\n<div class=\"wp-block-media-text alignwide is-stacked-on-mobile\" style=\"grid-template-columns: 36% auto;\">\r\n<figure class=\"wp-block-media-text__media\"><\/figure>\r\n<div class=\"wp-block-media-text__content\">\r\n<p><a href=\"https:\/\/gruene-nks.de\/wp-content\/uploads\/2023\/05\/Koelker.jpg\"><img loading=\"lazy\" decoding=\"async\" class=\"alignnone wp-image-2459 size-medium\" src=\"https:\/\/gruene-nks.de\/wp-content\/uploads\/2023\/05\/Koelker-400x533.jpg\" alt=\"\" width=\"400\" height=\"533\" srcset=\"https:\/\/gruene-nks.de\/wp-content\/uploads\/2023\/05\/Koelker-400x533.jpg 400w, https:\/\/gruene-nks.de\/wp-content\/uploads\/2023\/05\/Koelker-800x1067.jpg 800w, https:\/\/gruene-nks.de\/wp-content\/uploads\/2023\/05\/Koelker-768x1024.jpg 768w, https:\/\/gruene-nks.de\/wp-content\/uploads\/2023\/05\/Koelker-1152x1536.jpg 1152w, https:\/\/gruene-nks.de\/wp-content\/uploads\/2023\/05\/Koelker.jpg 1200w\" sizes=\"auto, (max-width: 400px) 100vw, 400px\" \/><\/a><\/p>\r\n<h3 class=\"has-large-font-size\">Kassierer<br \/>Winfried K\u00f6lker<\/h3>\r\n\r\n\r\n\r\n<p>winfried.koelker(at)gruene-nks.de<\/p>\r\n<hr \/><\/div>\r\n<\/div>\r\n\r\n\r\n\r\n<div class=\"wp-block-media-text alignwide has-media-on-the-right is-stacked-on-mobile\" style=\"grid-template-columns: auto 37%;\">\r\n<figure class=\"wp-block-media-text__media\"><\/figure>\r\n<div class=\"wp-block-media-text__content\">\r\n<h3><a href=\"https:\/\/gruene-nks.de\/wp-content\/uploads\/2023\/05\/Kling.jpg\"><img loading=\"lazy\" decoding=\"async\" class=\"alignnone size-medium wp-image-2458\" src=\"https:\/\/gruene-nks.de\/wp-content\/uploads\/2023\/05\/Kling-400x533.jpg\" alt=\"\" width=\"400\" height=\"533\" srcset=\"https:\/\/gruene-nks.de\/wp-content\/uploads\/2023\/05\/Kling-400x533.jpg 400w, https:\/\/gruene-nks.de\/wp-content\/uploads\/2023\/05\/Kling-800x1067.jpg 800w, https:\/\/gruene-nks.de\/wp-content\/uploads\/2023\/05\/Kling-768x1024.jpg 768w, https:\/\/gruene-nks.de\/wp-content\/uploads\/2023\/05\/Kling-1152x1536.jpg 1152w, https:\/\/gruene-nks.de\/wp-content\/uploads\/2023\/05\/Kling.jpg 1200w\" sizes=\"auto, (max-width: 400px) 100vw, 400px\" \/><\/a><\/h3>\r\n<h3 class=\"has-large-font-size\">Beisitzer <br \/>Carsten Klink<\/h3>\r\n\r\n\r\n\r\n<p>carsten.klink(at)gruene-nks.de<\/p>\r\n<hr \/><\/div>\r\n<\/div>\r\n\r\n\r\n\r\n<div class=\"wp-block-media-text alignwide is-stacked-on-mobile\" style=\"grid-template-columns: 34% auto;\">\r\n<figure class=\"wp-block-media-text__media\"><\/figure>\r\n<div class=\"wp-block-media-text__content\">\r\n<h3><a href=\"https:\/\/gruene-nks.de\/wp-content\/uploads\/2023\/05\/Kratzel.jpg\"><img loading=\"lazy\" decoding=\"async\" class=\"alignnone size-medium wp-image-2460\" src=\"https:\/\/gruene-nks.de\/wp-content\/uploads\/2023\/05\/Kratzel-400x533.jpg\" alt=\"\" width=\"400\" height=\"533\" srcset=\"https:\/\/gruene-nks.de\/wp-content\/uploads\/2023\/05\/Kratzel-400x533.jpg 400w, https:\/\/gruene-nks.de\/wp-content\/uploads\/2023\/05\/Kratzel-800x1067.jpg 800w, https:\/\/gruene-nks.de\/wp-content\/uploads\/2023\/05\/Kratzel-768x1024.jpg 768w, https:\/\/gruene-nks.de\/wp-content\/uploads\/2023\/05\/Kratzel-1152x1536.jpg 1152w, https:\/\/gruene-nks.de\/wp-content\/uploads\/2023\/05\/Kratzel.jpg 1200w\" sizes=\"auto, (max-width: 400px) 100vw, 400px\" \/><\/a><\/h3>\r\n<h3 class=\"has-large-font-size\">Beisitzer<br \/>Helge Kratzel<\/h3>\r\n\r\n\r\n\r\n<p>helge.kratzel(at)gruene-nks.de<\/p>\r\n<\/div>\r\n<\/div>\r\n","protected":false},"excerpt":{"rendered":"<p>Wir freuen uns auf eine konstruktive Zusammenarbeit. (v.l.n.r.: Helge Kratzel, Anna Terschl\u00fcsen, Winfried K\u00f6lker, Carsten Klink, Christoph Weiler) VorsitzendeAnna Terschl\u00fcsen anna.terschluesen(at)gruene-nks.de VorsitzenderChristoph Weiler christoph.weiler(at)gruene-nks.de KassiererWinfried K\u00f6lker winfried.koelker(at)gruene-nks.de Beisitzer Carsten Klink [&hellip;]<\/p>\n","protected":false},"author":1,"featured_media":0,"parent":0,"menu_order":0,"comment_status":"closed","ping_status":"closed","template":"","meta":{"footnotes":""},"class_list":["post-66","page","type-page","status-publish","hentry"],"_links":{"self":[{"href":"https:\/\/gruene-nks.de\/index.php\/wp-json\/wp\/v2\/pages\/66","targetHints":{"allow":["GET"]}}],"collection":[{"href":"https:\/\/gruene-nks.de\/index.php\/wp-json\/wp\/v2\/pages"}],"about":[{"href":"https:\/\/gruene-nks.de\/index.php\/wp-json\/wp\/v2\/types\/page"}],"author":[{"embeddable":true,"href":"https:\/\/gruene-nks.de\/index.php\/wp-json\/wp\/v2\/users\/1"}],"replies":[{"embeddable":true,"href":"https:\/\/gruene-nks.de\/index.php\/wp-json\/wp\/v2\/comments?post=66"}],"version-history":[{"count":30,"href":"https:\/\/gruene-nks.de\/index.php\/wp-json\/wp\/v2\/pages\/66\/revisions"}],"predecessor-version":[{"id":2471,"href":"https:\/\/gruene-nks.de\/index.php\/wp-json\/wp\/v2\/pages\/66\/revisions\/2471"}],"wp:attachment":[{"href":"https:\/\/gruene-nks.de\/index.php\/wp-json\/wp\/v2\/media?parent=66"}],"curies":[{"name":"wp","href":"https:\/\/api.w.org\/{rel}","templated":true}]}}