{"id":77,"date":"2015-12-13T13:17:55","date_gmt":"2015-12-13T12:17:55","guid":{"rendered":"http:\/\/gruene-nks.de.w013e689.kasserver.com\/?page_id=77"},"modified":"2020-08-14T10:57:18","modified_gmt":"2020-08-14T08:57:18","slug":"kommunalwahlprogramm-2020","status":"publish","type":"page","link":"https:\/\/gruene-nks.de\/index.php\/kommunalwahl\/kommunalwahlprogramm-2020\/","title":{"rendered":"Wahlprogramm 2020"},"content":{"rendered":"<div class=\"\" data-block=\"true\" data-editor=\"4ile2\" data-offset-key=\"6cp0g-0-0\">\n<div class=\"_1mf _1mj\" data-offset-key=\"6cp0g-0-0\"><span data-offset-key=\"6cp0g-0-0\">GR\u00dcNES Wahlprogramm f\u00fcr die Kommunalwahl 2020<\/span><\/div>\n<\/div>\n<div data-offset-key=\"6cp0g-0-0\">&nbsp;<\/div>\n<div class=\"\" data-block=\"true\" data-editor=\"4ile2\" data-offset-key=\"cd2s2-0-0\">\n<div class=\"_1mf _1mj\" data-offset-key=\"cd2s2-0-0\"><span data-offset-key=\"cd2s2-0-0\">&nbsp;<\/span><\/div>\n<\/div>\n<div class=\"\" data-block=\"true\" data-editor=\"4ile2\" data-offset-key=\"e7kgt-0-0\">\n<div class=\"_1mf _1mj\" data-offset-key=\"e7kgt-0-0\"><span data-offset-key=\"e7kgt-0-0\">In diesem Jahr feiern DIE GR\u00dcNEN ihr vierzig j\u00e4hriges Bestehen. Wurden DIE GR\u00dcNEN in der ersten Zeit nach ihrer Gr\u00fcndung noch h\u00e4ufig f\u00fcr ihre Parteiziele bel\u00e4chelt, so haben sie sich heute fest in der politischen Landschaft etabliert. GR\u00dcNE Themen haben ihren Einzug in das gesellschaftliche Bewusstsein gefunden und andere Parteien haben sich in den vergangenen vierzig Jahren GR\u00dcNE Themen zu Eigen gemacht &#8211; auch in Neunkirchen-Seelscheid. Trotzdem gibt es in Neunkirchen-Seelscheid noch viel zu tun. <\/span><\/div>\n<\/div>\n<div class=\"\" data-block=\"true\" data-editor=\"4ile2\" data-offset-key=\"d7n6t-0-0\">\n<div class=\"_1mf _1mj\" data-offset-key=\"d7n6t-0-0\"><span data-offset-key=\"d7n6t-0-0\">Unsere Themen stellen wir in den kommenden Wochen umfassend vor:<\/span><\/div>\n<\/div>\n<div class=\"\" data-block=\"true\" data-editor=\"4ile2\" data-offset-key=\"32dba-0-0\">\n<div class=\"_1mf _1mj\" data-offset-key=\"32dba-0-0\"><span data-offset-key=\"32dba-0-0\">&nbsp;<\/span><\/div>\n<\/div>\n<div class=\"\" data-block=\"true\" data-editor=\"4ile2\" data-offset-key=\"3pm6o-0-0\">\n<div class=\"_1mf _1mj\" data-offset-key=\"3pm6o-0-0\"><span data-offset-key=\"3pm6o-0-0\">&#8211; Ortsentwicklung<\/span><\/div>\n<\/div>\n<div class=\"\" data-block=\"true\" data-editor=\"4ile2\" data-offset-key=\"b7f1n-0-0\">\n<div class=\"_1mf _1mj\" data-offset-key=\"b7f1n-0-0\"><span data-offset-key=\"b7f1n-0-0\">&#8211; Wirtschaft<\/span><\/div>\n<\/div>\n<div class=\"\" data-block=\"true\" data-editor=\"4ile2\" data-offset-key=\"f7v9f-0-0\">\n<div class=\"_1mf _1mj\" data-offset-key=\"f7v9f-0-0\"><span data-offset-key=\"f7v9f-0-0\">&#8211; Konsolidierung des Gemeindehaushalts<\/span><\/div>\n<\/div>\n<div class=\"\" data-block=\"true\" data-editor=\"4ile2\" data-offset-key=\"esdcc-0-0\">\n<div class=\"_1mf _1mj\" data-offset-key=\"esdcc-0-0\"><span data-offset-key=\"esdcc-0-0\">&#8211; Sozialpolitik<\/span><\/div>\n<\/div>\n<div class=\"\" data-block=\"true\" data-editor=\"4ile2\" data-offset-key=\"cdr1t-0-0\">\n<div class=\"_1mf _1mj\" data-offset-key=\"cdr1t-0-0\"><span data-offset-key=\"cdr1t-0-0\">&#8211; Bauleitplanungen, die den d\u00f6rflichen Charakter sch\u00fctzen<\/span><\/div>\n<\/div>\n<div class=\"\" data-block=\"true\" data-editor=\"4ile2\" data-offset-key=\"91dgg-0-0\">\n<div class=\"_1mf _1mj\" data-offset-key=\"91dgg-0-0\"><span data-offset-key=\"91dgg-0-0\">&#8211; Gemeinde in Verantwortung<\/span><\/div>\n<\/div>\n<div class=\"\" data-block=\"true\" data-editor=\"4ile2\" data-offset-key=\"asedk-0-0\">\n<div class=\"_1mf _1mj\" data-offset-key=\"asedk-0-0\"><span data-offset-key=\"asedk-0-0\">&#8211; Gesellschaftliche Verantwortung<\/span><\/div>\n<\/div>\n<div class=\"\" data-block=\"true\" data-editor=\"4ile2\" data-offset-key=\"1r9lu-0-0\">\n<div class=\"_1mf _1mj\" data-offset-key=\"1r9lu-0-0\"><span data-offset-key=\"1r9lu-0-0\">&#8211; Integration und Antidiskriminierung<\/span><\/div>\n<\/div>\n<div class=\"\" data-block=\"true\" data-editor=\"4ile2\" data-offset-key=\"74var-0-0\">\n<div class=\"_1mf _1mj\" data-offset-key=\"74var-0-0\"><span data-offset-key=\"74var-0-0\">&#8211; Digitalisierung im l\u00e4ndlichen Raum<\/span><\/div>\n<\/div>\n<div class=\"\" data-block=\"true\" data-editor=\"4ile2\" data-offset-key=\"btjab-0-0\">\n<div class=\"_1mf _1mj\" data-offset-key=\"btjab-0-0\"><span data-offset-key=\"btjab-0-0\">&#8211; B\u00fcrgerbeteiligung<\/span><\/div>\n<\/div>\n<div class=\"\" data-block=\"true\" data-editor=\"4ile2\" data-offset-key=\"o20k-0-0\">\n<div class=\"_1mf _1mj\" data-offset-key=\"o20k-0-0\"><span data-offset-key=\"o20k-0-0\">&#8211; GR\u00dcNE Politik im Zeichen des Ziels der Klimaneutralit\u00e4t<\/span><\/div>\n<\/div>\n<div class=\"\" data-block=\"true\" data-editor=\"4ile2\" data-offset-key=\"abkv9-0-0\">\n<div class=\"_1mf _1mj\" data-offset-key=\"abkv9-0-0\"><span data-offset-key=\"abkv9-0-0\">&#8211; Verkehr und Mobilit\u00e4t<\/span><\/div>\n<\/div>\n<div class=\"\" data-block=\"true\" data-editor=\"4ile2\" data-offset-key=\"86qul-0-0\">\n<div class=\"_1mf _1mj\" data-offset-key=\"86qul-0-0\"><span data-offset-key=\"86qul-0-0\">&#8211; Biodiversit\u00e4t<\/span><\/div>\n<\/div>\n<div class=\"\" data-block=\"true\" data-editor=\"4ile2\" data-offset-key=\"crcc7-0-0\">\n<div class=\"_1mf _1mj\" data-offset-key=\"crcc7-0-0\"><span data-offset-key=\"crcc7-0-0\">&#8211; Lichtverschmutzung<\/span><\/div>\n<\/div>\n<div class=\"\" data-block=\"true\" data-editor=\"4ile2\" data-offset-key=\"fnore-0-0\">\n<div class=\"_1mf _1mj\" data-offset-key=\"fnore-0-0\"><span data-offset-key=\"fnore-0-0\">&#8211; F\u00fcr eine pestizidfreie Kommune<\/span><\/div>\n<\/div>\n<div class=\"\" data-block=\"true\" data-editor=\"4ile2\" data-offset-key=\"fa0f3-0-0\">\n<div class=\"_1mf _1mj\" data-offset-key=\"fa0f3-0-0\"><span data-offset-key=\"fa0f3-0-0\">&#8211; Wasser nachhaltig nutzen und sch\u00fctzen!<\/span><\/div>\n<\/div>\n<div class=\"\" data-block=\"true\" data-editor=\"4ile2\" data-offset-key=\"aal17-0-0\">\n<div class=\"_1mf _1mj\" data-offset-key=\"aal17-0-0\"><span data-offset-key=\"aal17-0-0\">&#8211; Tierschutz ist Klimaschutz<\/span><\/div>\n<div data-offset-key=\"aal17-0-0\">&nbsp;<\/div>\n<\/div>\n<p><a href=\"http:\/\/gruene-nks.de\/wp-content\/uploads\/2020\/07\/Kommunalwahlprogramm2020.pdf\">Hier k\u00f6nnen Sie unser komplettes Kommunalwahlprogramm einsehen und herunterladen.<\/a><\/p>\n\n\n<p>Unsere Kandidatinnen und Kandidaten finden Sie <a href=\"https:\/\/gruene-nks.de\/index.php\/ortsverband\/kandidaten-2020\/\">hier<\/a><\/p>\n","protected":false},"excerpt":{"rendered":"<p>GR\u00dcNES Wahlprogramm f\u00fcr die Kommunalwahl 2020 &nbsp; &nbsp; In diesem Jahr feiern DIE GR\u00dcNEN ihr vierzig j\u00e4hriges Bestehen. Wurden DIE GR\u00dcNEN in der ersten Zeit nach ihrer Gr\u00fcndung noch h\u00e4ufig [&hellip;]<\/p>\n","protected":false},"author":1,"featured_media":1527,"parent":1674,"menu_order":0,"comment_status":"closed","ping_status":"closed","template":"","meta":{"footnotes":""},"class_list":["post-77","page","type-page","status-publish","has-post-thumbnail","hentry"],"_links":{"self":[{"href":"https:\/\/gruene-nks.de\/index.php\/wp-json\/wp\/v2\/pages\/77","targetHints":{"allow":["GET"]}}],"collection":[{"href":"https:\/\/gruene-nks.de\/index.php\/wp-json\/wp\/v2\/pages"}],"about":[{"href":"https:\/\/gruene-nks.de\/index.php\/wp-json\/wp\/v2\/types\/page"}],"author":[{"embeddable":true,"href":"https:\/\/gruene-nks.de\/index.php\/wp-json\/wp\/v2\/users\/1"}],"replies":[{"embeddable":true,"href":"https:\/\/gruene-nks.de\/index.php\/wp-json\/wp\/v2\/comments?post=77"}],"version-history":[{"count":16,"href":"https:\/\/gruene-nks.de\/index.php\/wp-json\/wp\/v2\/pages\/77\/revisions"}],"predecessor-version":[{"id":1714,"href":"https:\/\/gruene-nks.de\/index.php\/wp-json\/wp\/v2\/pages\/77\/revisions\/1714"}],"up":[{"embeddable":true,"href":"https:\/\/gruene-nks.de\/index.php\/wp-json\/wp\/v2\/pages\/1674"}],"wp:featuredmedia":[{"embeddable":true,"href":"https:\/\/gruene-nks.de\/index.php\/wp-json\/wp\/v2\/media\/1527"}],"wp:attachment":[{"href":"https:\/\/gruene-nks.de\/index.php\/wp-json\/wp\/v2\/media?parent=77"}],"curies":[{"name":"wp","href":"https:\/\/api.w.org\/{rel}","templated":true}]}}